{"id":353,"date":"2025-07-05T18:22:44","date_gmt":"2025-07-05T18:22:44","guid":{"rendered":"https:\/\/michaelbraunsteinmd.com\/insurances-accepted\/"},"modified":"2025-07-17T11:47:34","modified_gmt":"2025-07-17T11:47:34","slug":"insurances-accepted","status":"publish","type":"page","link":"https:\/\/michaelbraunsteinmd.com\/es\/insurances-accepted\/","title":{"rendered":"Seguros"},"content":{"rendered":"\t\t<div data-elementor-type=\"wp-page\" data-elementor-id=\"353\" class=\"elementor elementor-353 elementor-57\" data-elementor-post-type=\"page\">\n\t\t\t\t<div class=\"elementor-element elementor-element-c1a0172 e-flex e-con-boxed e-con e-parent\" data-id=\"c1a0172\" data-element_type=\"container\">\n\t\t\t\t\t<div class=\"e-con-inner\">\n\t\t\t\t<div class=\"elementor-element elementor-element-54622cb elementor-widget elementor-widget-text-editor\" data-id=\"54622cb\" data-element_type=\"widget\" data-widget_type=\"text-editor.default\">\n\t\t\t\t\t\t\t\t\t<p>En Michael C. Braunstein, MD PLLC, nos comprometemos a hacer que tu atenci\u00f3n sea lo m\u00e1s accesible y libre de estr\u00e9s posible.<br>Aceptamos una amplia gama de planes de seguro m\u00e9dico para asegurarnos de que recibas el tratamiento que necesitas sin sorpresas financieras.<\/p><p>Actualmente participamos con los siguientes proveedores de seguros:<\/p>\t\t\t\t\t\t\t\t<\/div>\n\t\t<div class=\"elementor-element elementor-element-f8752e8 e-con-full e-grid e-con e-child\" data-id=\"f8752e8\" data-element_type=\"container\">\n\t\t<div class=\"elementor-element elementor-element-7cf0690 e-con-full e-flex e-con e-child\" data-id=\"7cf0690\" data-element_type=\"container\">\n\t\t\t\t<div class=\"elementor-element elementor-element-eb37b54 elementor-widget elementor-widget-heading\" data-id=\"eb37b54\" data-element_type=\"widget\" data-widget_type=\"heading.default\">\n\t\t\t\t\t<div class=\"elementor-heading-title elementor-size-default\">1199<\/div>\t\t\t\t<\/div>\n\t\t\t\t<\/div>\n\t\t<div class=\"elementor-element elementor-element-fabad0c e-con-full e-flex e-con e-child\" data-id=\"fabad0c\" data-element_type=\"container\">\n\t\t\t\t<div class=\"elementor-element elementor-element-ab38ccc elementor-widget elementor-widget-heading\" data-id=\"ab38ccc\" data-element_type=\"widget\" data-widget_type=\"heading.default\">\n\t\t\t\t\t<div class=\"elementor-heading-title elementor-size-default\">Aetna<\/div>\t\t\t\t<\/div>\n\t\t\t\t<\/div>\n\t\t<div class=\"elementor-element elementor-element-f35e7b6 e-con-full e-flex e-con e-child\" data-id=\"f35e7b6\" data-element_type=\"container\">\n\t\t\t\t<div class=\"elementor-element elementor-element-620a282 elementor-widget elementor-widget-heading\" data-id=\"620a282\" data-element_type=\"widget\" data-widget_type=\"heading.default\">\n\t\t\t\t\t<div class=\"elementor-heading-title elementor-size-default\">Molina<\/div>\t\t\t\t<\/div>\n\t\t\t\t<\/div>\n\t\t<div class=\"elementor-element elementor-element-75404f8 e-con-full e-flex e-con e-child\" data-id=\"75404f8\" data-element_type=\"container\">\n\t\t\t\t<div class=\"elementor-element elementor-element-13e339d elementor-widget elementor-widget-heading\" data-id=\"13e339d\" data-element_type=\"widget\" data-widget_type=\"heading.default\">\n\t\t\t\t\t<div class=\"elementor-heading-title elementor-size-default\">World Trade Center<\/div>\t\t\t\t<\/div>\n\t\t\t\t<\/div>\n\t\t<div class=\"elementor-element elementor-element-f83b15d e-con-full e-flex e-con e-child\" data-id=\"f83b15d\" data-element_type=\"container\">\n\t\t\t\t<div class=\"elementor-element elementor-element-61bfbf0 elementor-widget elementor-widget-heading\" data-id=\"61bfbf0\" data-element_type=\"widget\" data-widget_type=\"heading.default\">\n\t\t\t\t\t<div class=\"elementor-heading-title elementor-size-default\">United Health Care<\/div>\t\t\t\t<\/div>\n\t\t\t\t<\/div>\n\t\t<div class=\"elementor-element elementor-element-24febc2 e-con-full e-flex e-con e-child\" data-id=\"24febc2\" data-element_type=\"container\">\n\t\t\t\t<div class=\"elementor-element elementor-element-26480fc elementor-widget elementor-widget-heading\" data-id=\"26480fc\" data-element_type=\"widget\" data-widget_type=\"heading.default\">\n\t\t\t\t\t<div class=\"elementor-heading-title elementor-size-default\">Emblem<\/div>\t\t\t\t<\/div>\n\t\t\t\t<\/div>\n\t\t<div class=\"elementor-element elementor-element-750aafc e-con-full e-flex e-con e-child\" data-id=\"750aafc\" data-element_type=\"container\">\n\t\t\t\t<div class=\"elementor-element elementor-element-f223d07 elementor-widget elementor-widget-heading\" data-id=\"f223d07\" data-element_type=\"widget\" data-widget_type=\"heading.default\">\n\t\t\t\t\t<div class=\"elementor-heading-title elementor-size-default\">Blue Cross \/ Blue Shield<\/div>\t\t\t\t<\/div>\n\t\t\t\t<\/div>\n\t\t<div class=\"elementor-element elementor-element-40101cc e-con-full e-flex e-con e-child\" data-id=\"40101cc\" data-element_type=\"container\">\n\t\t\t\t<div class=\"elementor-element elementor-element-011a0d0 elementor-widget elementor-widget-heading\" data-id=\"011a0d0\" data-element_type=\"widget\" data-widget_type=\"heading.default\">\n\t\t\t\t\t<div class=\"elementor-heading-title elementor-size-default\">Cigna<\/div>\t\t\t\t<\/div>\n\t\t\t\t<\/div>\n\t\t<div class=\"elementor-element elementor-element-819a05c e-con-full e-flex e-con e-child\" data-id=\"819a05c\" data-element_type=\"container\">\n\t\t\t\t<div class=\"elementor-element elementor-element-8ca784c elementor-widget elementor-widget-heading\" data-id=\"8ca784c\" data-element_type=\"widget\" data-widget_type=\"heading.default\">\n\t\t\t\t\t<div class=\"elementor-heading-title elementor-size-default\">GHI<\/div>\t\t\t\t<\/div>\n\t\t\t\t<\/div>\n\t\t<div class=\"elementor-element elementor-element-623e054 e-con-full e-flex e-con e-child\" data-id=\"623e054\" data-element_type=\"container\">\n\t\t\t\t<div class=\"elementor-element elementor-element-d4431fd elementor-widget elementor-widget-heading\" data-id=\"d4431fd\" data-element_type=\"widget\" data-widget_type=\"heading.default\">\n\t\t\t\t\t<div class=\"elementor-heading-title elementor-size-default\">Empire<\/div>\t\t\t\t<\/div>\n\t\t\t\t<\/div>\n\t\t<div class=\"elementor-element elementor-element-33cad55 e-con-full e-flex e-con e-child\" data-id=\"33cad55\" data-element_type=\"container\">\n\t\t\t\t<div class=\"elementor-element elementor-element-4333206 elementor-widget elementor-widget-heading\" data-id=\"4333206\" data-element_type=\"widget\" data-widget_type=\"heading.default\">\n\t\t\t\t\t<div class=\"elementor-heading-title elementor-size-default\">Oxford<\/div>\t\t\t\t<\/div>\n\t\t\t\t<\/div>\n\t\t<div class=\"elementor-element elementor-element-57d7af6 e-con-full e-flex e-con e-child\" data-id=\"57d7af6\" data-element_type=\"container\">\n\t\t\t\t<div class=\"elementor-element elementor-element-e442a1e elementor-widget elementor-widget-heading\" data-id=\"e442a1e\" data-element_type=\"widget\" data-widget_type=\"heading.default\">\n\t\t\t\t\t<div class=\"elementor-heading-title elementor-size-default\">Humana<\/div>\t\t\t\t<\/div>\n\t\t\t\t<\/div>\n\t\t<div class=\"elementor-element elementor-element-cc16f65 e-con-full e-flex e-con e-child\" data-id=\"cc16f65\" data-element_type=\"container\">\n\t\t\t\t<div class=\"elementor-element elementor-element-4243f76 elementor-widget elementor-widget-heading\" data-id=\"4243f76\" data-element_type=\"widget\" data-widget_type=\"heading.default\">\n\t\t\t\t\t<div class=\"elementor-heading-title elementor-size-default\">Medicare<\/div>\t\t\t\t<\/div>\n\t\t\t\t<\/div>\n\t\t<div class=\"elementor-element elementor-element-89dde01 e-con-full e-flex e-con e-child\" data-id=\"89dde01\" data-element_type=\"container\">\n\t\t\t\t<div class=\"elementor-element elementor-element-d7bf37c elementor-widget elementor-widget-heading\" data-id=\"d7bf37c\" data-element_type=\"widget\" data-widget_type=\"heading.default\">\n\t\t\t\t\t<div class=\"elementor-heading-title elementor-size-default\">HIP<\/div>\t\t\t\t<\/div>\n\t\t\t\t<\/div>\n\t\t<div class=\"elementor-element elementor-element-76c15e0 e-con-full e-flex e-con e-child\" data-id=\"76c15e0\" data-element_type=\"container\">\n\t\t\t\t<div class=\"elementor-element elementor-element-a9949e2 elementor-widget elementor-widget-heading\" data-id=\"a9949e2\" data-element_type=\"widget\" data-widget_type=\"heading.default\">\n\t\t\t\t\t<div class=\"elementor-heading-title elementor-size-default\">Northwell<\/div>\t\t\t\t<\/div>\n\t\t\t\t<\/div>\n\t\t<div class=\"elementor-element elementor-element-08099ba e-con-full e-flex e-con e-child\" data-id=\"08099ba\" data-element_type=\"container\">\n\t\t\t\t<div class=\"elementor-element elementor-element-b7341bf elementor-widget elementor-widget-heading\" data-id=\"b7341bf\" data-element_type=\"widget\" data-widget_type=\"heading.default\">\n\t\t\t\t\t<div class=\"elementor-heading-title elementor-size-default\">Fidelis<\/div>\t\t\t\t<\/div>\n\t\t\t\t<\/div>\n\t\t<div class=\"elementor-element elementor-element-0b67d4b e-con-full e-flex e-con e-child\" data-id=\"0b67d4b\" data-element_type=\"container\">\n\t\t\t\t<div class=\"elementor-element elementor-element-da11aac elementor-widget elementor-widget-heading\" data-id=\"da11aac\" data-element_type=\"widget\" data-widget_type=\"heading.default\">\n\t\t\t\t\t<div class=\"elementor-heading-title elementor-size-default\">Anthem<\/div>\t\t\t\t<\/div>\n\t\t\t\t<\/div>\n\t\t<div class=\"elementor-element elementor-element-f0ccbd5 e-con-full e-flex e-con e-child\" data-id=\"f0ccbd5\" data-element_type=\"container\">\n\t\t\t\t<\/div>\n\t\t\t\t<\/div>\n\t\t\t\t\t<\/div>\n\t\t\t\t<\/div>\n\t\t<div class=\"elementor-element elementor-element-175b12e e-flex e-con-boxed e-con e-parent\" data-id=\"175b12e\" data-element_type=\"container\">\n\t\t\t\t\t<div class=\"e-con-inner\">\n\t\t\t\t<div class=\"elementor-element elementor-element-54eb128 elementor-widget elementor-widget-template\" data-id=\"54eb128\" data-element_type=\"widget\" data-widget_type=\"template.default\">\n\t\t\t\t<div class=\"elementor-widget-container\">\n\t\t\t\t\t\t\t<div class=\"elementor-template\">\n\t\t\t\t\t<div data-elementor-type=\"container\" data-elementor-id=\"221\" class=\"elementor elementor-221\" data-elementor-post-type=\"elementor_library\">\n\t\t\t\t<div class=\"elementor-element elementor-element-1b5c88dc e-flex e-con-boxed e-con e-parent\" data-id=\"1b5c88dc\" data-element_type=\"container\">\n\t\t\t\t\t<div class=\"e-con-inner\">\n\t\t<div class=\"elementor-element elementor-element-c2ce5c8 e-con-full e-flex e-con e-child\" data-id=\"c2ce5c8\" data-element_type=\"container\" data-settings=\"{&quot;background_background&quot;:&quot;classic&quot;}\">\n\t\t\t\t<div class=\"elementor-element elementor-element-2882d2a4 elementor-widget elementor-widget-heading\" data-id=\"2882d2a4\" data-element_type=\"widget\" data-widget_type=\"heading.default\">\n\t\t\t\t\t<h2 class=\"elementor-heading-title elementor-size-default\">Ready to Schedule?<\/h2>\t\t\t\t<\/div>\n\t\t\t\t<div class=\"elementor-element elementor-element-2b77cb9f elementor-widget__width-initial elementor-widget-tablet__width-initial elementor-widget elementor-widget-heading\" data-id=\"2b77cb9f\" data-element_type=\"widget\" data-widget_type=\"heading.default\">\n\t\t\t\t\t<div class=\"elementor-heading-title elementor-size-default\">We are here to answer your questions and help you schedule your appointment.\nFor your convenience, you can also contact us online.<\/div>\t\t\t\t<\/div>\n\t\t<div class=\"elementor-element elementor-element-7cf3edcc e-con-full e-flex e-con e-child\" data-id=\"7cf3edcc\" data-element_type=\"container\">\n\t\t\t\t<div class=\"elementor-element elementor-element-5a22b30a elementor-widget elementor-widget-button\" data-id=\"5a22b30a\" data-element_type=\"widget\" data-widget_type=\"button.default\">\n\t\t\t\t\t\t\t\t\t\t<a class=\"elementor-button elementor-size-sm\" role=\"button\">\n\t\t\t\t\t\t<span class=\"elementor-button-content-wrapper\">\n\t\t\t\t\t\t<span class=\"elementor-button-icon\">\n\t\t\t\t<svg aria-hidden=\"true\" class=\"e-font-icon-svg e-fas-phone-alt\" viewBox=\"0 0 512 512\" xmlns=\"http:\/\/www.w3.org\/2000\/svg\"><path d=\"M497.39 361.8l-112-48a24 24 0 0 0-28 6.9l-49.6 60.6A370.66 370.66 0 0 1 130.6 204.11l60.6-49.6a23.94 23.94 0 0 0 6.9-28l-48-112A24.16 24.16 0 0 0 122.6.61l-104 24A24 24 0 0 0 0 48c0 256.5 207.9 464 464 464a24 24 0 0 0 23.4-18.6l24-104a24.29 24.29 0 0 0-14.01-27.6z\"><\/path><\/svg>\t\t\t<\/span>\n\t\t\t\t\t\t\t\t<\/span>\n\t\t\t\t\t<\/a>\n\t\t\t\t\t\t\t\t<\/div>\n\t\t\t\t<div class=\"elementor-element elementor-element-46ab14db elementor-widget elementor-widget-heading\" data-id=\"46ab14db\" data-element_type=\"widget\" data-widget_type=\"heading.default\">\n\t\t\t\t\t<span class=\"elementor-heading-title elementor-size-default\">or<\/span>\t\t\t\t<\/div>\n\t\t\t\t<div class=\"elementor-element elementor-element-35c20aab elementor-mobile-align-justify elementor-widget elementor-widget-button\" data-id=\"35c20aab\" data-element_type=\"widget\" data-widget_type=\"button.default\">\n\t\t\t\t\t\t\t\t\t\t<a class=\"elementor-button elementor-button-link elementor-size-sm\" href=\"https:\/\/michaelbraunsteinmd.com\/contact-us\/\">\n\t\t\t\t\t\t<span class=\"elementor-button-content-wrapper\">\n\t\t\t\t\t\t\t\t\t<span class=\"elementor-button-text\">Contact us online<\/span>\n\t\t\t\t\t<\/span>\n\t\t\t\t\t<\/a>\n\t\t\t\t\t\t\t\t<\/div>\n\t\t\t\t<\/div>\n\t\t\t\t<\/div>\n\t\t\t\t\t<\/div>\n\t\t\t\t<\/div>\n\t\t\t\t<\/div>\n\t\t\t\t<\/div>\n\t\t\t\t\t\t<\/div>\n\t\t\t\t<\/div>\n\t\t\t\t\t<\/div>\n\t\t\t\t<\/div>\n\t\t\t\t<\/div>\n\t\t","protected":false},"excerpt":{"rendered":"<p>En Michael C. Braunstein, MD PLLC, nos comprometemos a hacer que tu atenci\u00f3n sea lo m\u00e1s accesible y libre de estr\u00e9s posible.Aceptamos una amplia gama de planes de seguro m\u00e9dico para asegurarnos de que recibas el tratamiento que necesitas sin sorpresas financieras. Actualmente participamos con los siguientes proveedores de seguros: 1199 Aetna Molina World Trade [&hellip;]<\/p>\n","protected":false},"author":1,"featured_media":0,"parent":0,"menu_order":0,"comment_status":"closed","ping_status":"closed","template":"","meta":{"_acf_changed":false,"footnotes":""},"class_list":["post-353","page","type-page","status-publish","hentry"],"acf":[],"yoast_head":"<!-- This site is optimized with the Yoast SEO plugin v25.5 - https:\/\/yoast.com\/wordpress\/plugins\/seo\/ -->\n<title>Seguros - Dr. Michael Braunstein<\/title>\n<meta name=\"robots\" content=\"index, follow, max-snippet:-1, max-image-preview:large, max-video-preview:-1\" \/>\n<link rel=\"canonical\" href=\"https:\/\/michaelbraunsteinmd.com\/es\/insurances-accepted\/\" \/>\n<meta property=\"og:locale\" content=\"es_ES\" \/>\n<meta property=\"og:type\" content=\"article\" \/>\n<meta property=\"og:title\" content=\"Seguros - Dr. Michael Braunstein\" \/>\n<meta property=\"og:description\" content=\"En Michael C. Braunstein, MD PLLC, nos comprometemos a hacer que tu atenci\u00f3n sea lo m\u00e1s accesible y libre de estr\u00e9s posible.Aceptamos una amplia gama de planes de seguro m\u00e9dico para asegurarnos de que recibas el tratamiento que necesitas sin sorpresas financieras. Actualmente participamos con los siguientes proveedores de seguros: 1199 Aetna Molina World Trade [&hellip;]\" \/>\n<meta property=\"og:url\" content=\"https:\/\/michaelbraunsteinmd.com\/es\/insurances-accepted\/\" \/>\n<meta property=\"og:site_name\" content=\"Dr. Michael Braunstein\" \/>\n<meta property=\"article:modified_time\" content=\"2025-07-17T11:47:34+00:00\" \/>\n<meta name=\"twitter:card\" content=\"summary_large_image\" \/>\n<meta name=\"twitter:label1\" content=\"Tiempo de lectura\" \/>\n\t<meta name=\"twitter:data1\" content=\"1 minuto\" \/>\n<script type=\"application\/ld+json\" class=\"yoast-schema-graph\">{\"@context\":\"https:\/\/schema.org\",\"@graph\":[{\"@type\":\"WebPage\",\"@id\":\"https:\/\/michaelbraunsteinmd.com\/es\/insurances-accepted\/\",\"url\":\"https:\/\/michaelbraunsteinmd.com\/es\/insurances-accepted\/\",\"name\":\"Seguros - Dr. Michael Braunstein\",\"isPartOf\":{\"@id\":\"https:\/\/michaelbraunsteinmd.com\/es\/#website\"},\"datePublished\":\"2025-07-05T18:22:44+00:00\",\"dateModified\":\"2025-07-17T11:47:34+00:00\",\"breadcrumb\":{\"@id\":\"https:\/\/michaelbraunsteinmd.com\/es\/insurances-accepted\/#breadcrumb\"},\"inLanguage\":\"es\",\"potentialAction\":[{\"@type\":\"ReadAction\",\"target\":[\"https:\/\/michaelbraunsteinmd.com\/es\/insurances-accepted\/\"]}]},{\"@type\":\"BreadcrumbList\",\"@id\":\"https:\/\/michaelbraunsteinmd.com\/es\/insurances-accepted\/#breadcrumb\",\"itemListElement\":[{\"@type\":\"ListItem\",\"position\":1,\"name\":\"Home\",\"item\":\"https:\/\/michaelbraunsteinmd.com\/es\/\"},{\"@type\":\"ListItem\",\"position\":2,\"name\":\"Seguros\"}]},{\"@type\":\"WebSite\",\"@id\":\"https:\/\/michaelbraunsteinmd.com\/es\/#website\",\"url\":\"https:\/\/michaelbraunsteinmd.com\/es\/\",\"name\":\"Dr. Michael Braunstein\",\"description\":\"\",\"publisher\":{\"@id\":\"https:\/\/michaelbraunsteinmd.com\/es\/#organization\"},\"potentialAction\":[{\"@type\":\"SearchAction\",\"target\":{\"@type\":\"EntryPoint\",\"urlTemplate\":\"https:\/\/michaelbraunsteinmd.com\/es\/?s={search_term_string}\"},\"query-input\":{\"@type\":\"PropertyValueSpecification\",\"valueRequired\":true,\"valueName\":\"search_term_string\"}}],\"inLanguage\":\"es\"},{\"@type\":\"Organization\",\"@id\":\"https:\/\/michaelbraunsteinmd.com\/es\/#organization\",\"name\":\"Dr. Michael Braunstein\",\"url\":\"https:\/\/michaelbraunsteinmd.com\/es\/\",\"logo\":{\"@type\":\"ImageObject\",\"inLanguage\":\"es\",\"@id\":\"https:\/\/michaelbraunsteinmd.com\/es\/#\/schema\/logo\/image\/\",\"url\":\"https:\/\/michaelbraunsteinmd.com\/wp-content\/uploads\/2025\/07\/Michael-Braunstein-logo.png\",\"contentUrl\":\"https:\/\/michaelbraunsteinmd.com\/wp-content\/uploads\/2025\/07\/Michael-Braunstein-logo.png\",\"width\":653,\"height\":47,\"caption\":\"Dr. Michael Braunstein\"},\"image\":{\"@id\":\"https:\/\/michaelbraunsteinmd.com\/es\/#\/schema\/logo\/image\/\"}}]}<\/script>\n<!-- \/ Yoast SEO plugin. -->","yoast_head_json":{"title":"Seguros - Dr. Michael Braunstein","robots":{"index":"index","follow":"follow","max-snippet":"max-snippet:-1","max-image-preview":"max-image-preview:large","max-video-preview":"max-video-preview:-1"},"canonical":"https:\/\/michaelbraunsteinmd.com\/es\/insurances-accepted\/","og_locale":"es_ES","og_type":"article","og_title":"Seguros - Dr. Michael Braunstein","og_description":"En Michael C. Braunstein, MD PLLC, nos comprometemos a hacer que tu atenci\u00f3n sea lo m\u00e1s accesible y libre de estr\u00e9s posible.Aceptamos una amplia gama de planes de seguro m\u00e9dico para asegurarnos de que recibas el tratamiento que necesitas sin sorpresas financieras. Actualmente participamos con los siguientes proveedores de seguros: 1199 Aetna Molina World Trade [&hellip;]","og_url":"https:\/\/michaelbraunsteinmd.com\/es\/insurances-accepted\/","og_site_name":"Dr. Michael Braunstein","article_modified_time":"2025-07-17T11:47:34+00:00","twitter_card":"summary_large_image","twitter_misc":{"Tiempo de lectura":"1 minuto"},"schema":{"@context":"https:\/\/schema.org","@graph":[{"@type":"WebPage","@id":"https:\/\/michaelbraunsteinmd.com\/es\/insurances-accepted\/","url":"https:\/\/michaelbraunsteinmd.com\/es\/insurances-accepted\/","name":"Seguros - Dr. Michael Braunstein","isPartOf":{"@id":"https:\/\/michaelbraunsteinmd.com\/es\/#website"},"datePublished":"2025-07-05T18:22:44+00:00","dateModified":"2025-07-17T11:47:34+00:00","breadcrumb":{"@id":"https:\/\/michaelbraunsteinmd.com\/es\/insurances-accepted\/#breadcrumb"},"inLanguage":"es","potentialAction":[{"@type":"ReadAction","target":["https:\/\/michaelbraunsteinmd.com\/es\/insurances-accepted\/"]}]},{"@type":"BreadcrumbList","@id":"https:\/\/michaelbraunsteinmd.com\/es\/insurances-accepted\/#breadcrumb","itemListElement":[{"@type":"ListItem","position":1,"name":"Home","item":"https:\/\/michaelbraunsteinmd.com\/es\/"},{"@type":"ListItem","position":2,"name":"Seguros"}]},{"@type":"WebSite","@id":"https:\/\/michaelbraunsteinmd.com\/es\/#website","url":"https:\/\/michaelbraunsteinmd.com\/es\/","name":"Dr. Michael Braunstein","description":"","publisher":{"@id":"https:\/\/michaelbraunsteinmd.com\/es\/#organization"},"potentialAction":[{"@type":"SearchAction","target":{"@type":"EntryPoint","urlTemplate":"https:\/\/michaelbraunsteinmd.com\/es\/?s={search_term_string}"},"query-input":{"@type":"PropertyValueSpecification","valueRequired":true,"valueName":"search_term_string"}}],"inLanguage":"es"},{"@type":"Organization","@id":"https:\/\/michaelbraunsteinmd.com\/es\/#organization","name":"Dr. Michael Braunstein","url":"https:\/\/michaelbraunsteinmd.com\/es\/","logo":{"@type":"ImageObject","inLanguage":"es","@id":"https:\/\/michaelbraunsteinmd.com\/es\/#\/schema\/logo\/image\/","url":"https:\/\/michaelbraunsteinmd.com\/wp-content\/uploads\/2025\/07\/Michael-Braunstein-logo.png","contentUrl":"https:\/\/michaelbraunsteinmd.com\/wp-content\/uploads\/2025\/07\/Michael-Braunstein-logo.png","width":653,"height":47,"caption":"Dr. Michael Braunstein"},"image":{"@id":"https:\/\/michaelbraunsteinmd.com\/es\/#\/schema\/logo\/image\/"}}]}},"_links":{"self":[{"href":"https:\/\/michaelbraunsteinmd.com\/es\/wp-json\/wp\/v2\/pages\/353","targetHints":{"allow":["GET"]}}],"collection":[{"href":"https:\/\/michaelbraunsteinmd.com\/es\/wp-json\/wp\/v2\/pages"}],"about":[{"href":"https:\/\/michaelbraunsteinmd.com\/es\/wp-json\/wp\/v2\/types\/page"}],"author":[{"embeddable":true,"href":"https:\/\/michaelbraunsteinmd.com\/es\/wp-json\/wp\/v2\/users\/1"}],"replies":[{"embeddable":true,"href":"https:\/\/michaelbraunsteinmd.com\/es\/wp-json\/wp\/v2\/comments?post=353"}],"version-history":[{"count":3,"href":"https:\/\/michaelbraunsteinmd.com\/es\/wp-json\/wp\/v2\/pages\/353\/revisions"}],"predecessor-version":[{"id":495,"href":"https:\/\/michaelbraunsteinmd.com\/es\/wp-json\/wp\/v2\/pages\/353\/revisions\/495"}],"wp:attachment":[{"href":"https:\/\/michaelbraunsteinmd.com\/es\/wp-json\/wp\/v2\/media?parent=353"}],"curies":[{"name":"wp","href":"https:\/\/api.w.org\/{rel}","templated":true}]}}