{"id":357,"date":"2025-07-05T18:23:19","date_gmt":"2025-07-05T18:23:19","guid":{"rendered":"https:\/\/michaelbraunsteinmd.com\/gi-news\/"},"modified":"2025-07-08T14:13:03","modified_gmt":"2025-07-08T14:13:03","slug":"gi-news","status":"publish","type":"page","link":"https:\/\/michaelbraunsteinmd.com\/es\/gi-news\/","title":{"rendered":"Noticias GI"},"content":{"rendered":"\t\t<div data-elementor-type=\"wp-page\" data-elementor-id=\"357\" class=\"elementor elementor-357 elementor-59\" data-elementor-post-type=\"page\">\n\t\t\t\t<div class=\"elementor-element elementor-element-8575224 e-flex e-con-boxed e-con e-parent\" data-id=\"8575224\" data-element_type=\"container\">\n\t\t\t\t\t<div class=\"e-con-inner\">\n\t\t\t\t<div class=\"elementor-element elementor-element-2877b82 elementor-widget elementor-widget-text-editor\" data-id=\"2877b82\" data-element_type=\"widget\" data-widget_type=\"text-editor.default\">\n\t\t\t\t\t\t\t\t\t<p><a href=\"https:\/\/www.yahoo.com\/news\/32-year-old-exhausted-moms-colon-cancer-diagnosis-important-reminder-152928766.html\" target=\"_blank\" rel=\"noopener\">El diagn\u00f3stico de c\u00e1ncer de colon de una madre \u00abagotada\u00bb es un importante recordatorio<\/a><\/p>\t\t\t\t\t\t\t\t<\/div>\n\t\t\t\t<div class=\"elementor-element elementor-element-a2ee8ac elementor-widget-divider--view-line elementor-widget elementor-widget-divider\" data-id=\"a2ee8ac\" data-element_type=\"widget\" data-widget_type=\"divider.default\">\n\t\t\t\t\t\t\t<div class=\"elementor-divider\">\n\t\t\t<span class=\"elementor-divider-separator\">\n\t\t\t\t\t\t<\/span>\n\t\t<\/div>\n\t\t\t\t\t\t<\/div>\n\t\t\t\t<div class=\"elementor-element elementor-element-7c24f9d elementor-widget elementor-widget-text-editor\" data-id=\"7c24f9d\" data-element_type=\"widget\" data-widget_type=\"text-editor.default\">\n\t\t\t\t\t\t\t\t\t<p>La Sociedad Americana del C\u00e1ncer ha sugerido nuevas directrices. Las nuevas recomendaciones dicen que el cribado debe empezar a los 45 a\u00f1os para las personas con un riesgo medio. Anteriormente, el cribado recomendado por las directrices empezaba a los 50 a\u00f1os para las personas con un riesgo medio.<\/p><p>A\u00fan no est\u00e1 claro si todas las compa\u00f1\u00edas de seguros pagar\u00e1n estas recomendaciones mejoradas.<\/p><p>Ver el art\u00edculo completo <a href=\"https:\/\/www.cancer.org\/latest-news\/american-cancer-society-updates-colorectal-cancer-screening-guideline.html\" target=\"_blank\" rel=\"noopener\">American Cancer Society Updates Colorectal Cancer Screening Guideline.<\/a><\/p><p>El Dr. Braunstein ofrece la detecci\u00f3n del c\u00e1ncer de colon; el procedimiento se realiza en nuestra consulta de Farmingdale.<\/p>\t\t\t\t\t\t\t\t<\/div>\n\t\t\t\t\t<\/div>\n\t\t\t\t<\/div>\n\t\t<div class=\"elementor-element elementor-element-f2d9781 e-flex e-con-boxed e-con e-parent\" data-id=\"f2d9781\" data-element_type=\"container\">\n\t\t\t\t\t<div class=\"e-con-inner\">\n\t\t\t\t<div class=\"elementor-element elementor-element-29cdaf4 elementor-widget elementor-widget-template\" data-id=\"29cdaf4\" data-element_type=\"widget\" data-widget_type=\"template.default\">\n\t\t\t\t<div class=\"elementor-widget-container\">\n\t\t\t\t\t\t\t<div class=\"elementor-template\">\n\t\t\t\t\t<div data-elementor-type=\"container\" data-elementor-id=\"221\" class=\"elementor elementor-221\" data-elementor-post-type=\"elementor_library\">\n\t\t\t\t<div class=\"elementor-element elementor-element-1b5c88dc e-flex e-con-boxed e-con e-parent\" data-id=\"1b5c88dc\" data-element_type=\"container\">\n\t\t\t\t\t<div class=\"e-con-inner\">\n\t\t<div class=\"elementor-element elementor-element-c2ce5c8 e-con-full e-flex e-con e-child\" data-id=\"c2ce5c8\" data-element_type=\"container\" data-settings=\"{&quot;background_background&quot;:&quot;classic&quot;}\">\n\t\t\t\t<div class=\"elementor-element elementor-element-2882d2a4 elementor-widget elementor-widget-heading\" data-id=\"2882d2a4\" data-element_type=\"widget\" data-widget_type=\"heading.default\">\n\t\t\t\t\t<h2 class=\"elementor-heading-title elementor-size-default\">Ready to Schedule?<\/h2>\t\t\t\t<\/div>\n\t\t\t\t<div class=\"elementor-element elementor-element-2b77cb9f elementor-widget__width-initial elementor-widget-tablet__width-initial elementor-widget elementor-widget-heading\" data-id=\"2b77cb9f\" data-element_type=\"widget\" data-widget_type=\"heading.default\">\n\t\t\t\t\t<div class=\"elementor-heading-title elementor-size-default\">We are here to answer your questions and help you schedule your appointment.\nFor your convenience, you can also contact us online.<\/div>\t\t\t\t<\/div>\n\t\t<div class=\"elementor-element elementor-element-7cf3edcc e-con-full e-flex e-con e-child\" data-id=\"7cf3edcc\" data-element_type=\"container\">\n\t\t\t\t<div class=\"elementor-element elementor-element-5a22b30a elementor-widget elementor-widget-button\" data-id=\"5a22b30a\" data-element_type=\"widget\" data-widget_type=\"button.default\">\n\t\t\t\t\t\t\t\t\t\t<a class=\"elementor-button elementor-size-sm\" role=\"button\">\n\t\t\t\t\t\t<span class=\"elementor-button-content-wrapper\">\n\t\t\t\t\t\t<span class=\"elementor-button-icon\">\n\t\t\t\t<svg aria-hidden=\"true\" class=\"e-font-icon-svg e-fas-phone-alt\" viewBox=\"0 0 512 512\" xmlns=\"http:\/\/www.w3.org\/2000\/svg\"><path d=\"M497.39 361.8l-112-48a24 24 0 0 0-28 6.9l-49.6 60.6A370.66 370.66 0 0 1 130.6 204.11l60.6-49.6a23.94 23.94 0 0 0 6.9-28l-48-112A24.16 24.16 0 0 0 122.6.61l-104 24A24 24 0 0 0 0 48c0 256.5 207.9 464 464 464a24 24 0 0 0 23.4-18.6l24-104a24.29 24.29 0 0 0-14.01-27.6z\"><\/path><\/svg>\t\t\t<\/span>\n\t\t\t\t\t\t\t\t<\/span>\n\t\t\t\t\t<\/a>\n\t\t\t\t\t\t\t\t<\/div>\n\t\t\t\t<div class=\"elementor-element elementor-element-46ab14db elementor-widget elementor-widget-heading\" data-id=\"46ab14db\" data-element_type=\"widget\" data-widget_type=\"heading.default\">\n\t\t\t\t\t<span class=\"elementor-heading-title elementor-size-default\">or<\/span>\t\t\t\t<\/div>\n\t\t\t\t<div class=\"elementor-element elementor-element-35c20aab elementor-mobile-align-justify elementor-widget elementor-widget-button\" data-id=\"35c20aab\" data-element_type=\"widget\" data-widget_type=\"button.default\">\n\t\t\t\t\t\t\t\t\t\t<a class=\"elementor-button elementor-button-link elementor-size-sm\" href=\"https:\/\/michaelbraunsteinmd.com\/contact-us\/\">\n\t\t\t\t\t\t<span class=\"elementor-button-content-wrapper\">\n\t\t\t\t\t\t\t\t\t<span class=\"elementor-button-text\">Contact us online<\/span>\n\t\t\t\t\t<\/span>\n\t\t\t\t\t<\/a>\n\t\t\t\t\t\t\t\t<\/div>\n\t\t\t\t<\/div>\n\t\t\t\t<\/div>\n\t\t\t\t\t<\/div>\n\t\t\t\t<\/div>\n\t\t\t\t<\/div>\n\t\t\t\t<\/div>\n\t\t\t\t\t\t<\/div>\n\t\t\t\t<\/div>\n\t\t\t\t\t<\/div>\n\t\t\t\t<\/div>\n\t\t\t\t<\/div>\n\t\t","protected":false},"excerpt":{"rendered":"<p>El diagn\u00f3stico de c\u00e1ncer de colon de una madre \u00abagotada\u00bb es un importante recordatorio La Sociedad Americana del C\u00e1ncer ha sugerido nuevas directrices. Las nuevas recomendaciones dicen que el cribado debe empezar a los 45 a\u00f1os para las personas con un riesgo medio. Anteriormente, el cribado recomendado por las directrices empezaba a los 50 a\u00f1os [&hellip;]<\/p>\n","protected":false},"author":1,"featured_media":0,"parent":0,"menu_order":0,"comment_status":"closed","ping_status":"closed","template":"","meta":{"_acf_changed":false,"footnotes":""},"class_list":["post-357","page","type-page","status-publish","hentry"],"acf":[],"yoast_head":"<!-- This site is optimized with the Yoast SEO plugin v25.5 - https:\/\/yoast.com\/wordpress\/plugins\/seo\/ -->\n<title>Noticias GI - Dr. Michael Braunstein<\/title>\n<meta name=\"robots\" content=\"index, follow, max-snippet:-1, max-image-preview:large, max-video-preview:-1\" \/>\n<link rel=\"canonical\" href=\"https:\/\/michaelbraunsteinmd.com\/es\/gi-news\/\" \/>\n<meta property=\"og:locale\" content=\"es_ES\" \/>\n<meta property=\"og:type\" content=\"article\" \/>\n<meta property=\"og:title\" content=\"Noticias GI - Dr. Michael Braunstein\" \/>\n<meta property=\"og:description\" content=\"El diagn\u00f3stico de c\u00e1ncer de colon de una madre \u00abagotada\u00bb es un importante recordatorio La Sociedad Americana del C\u00e1ncer ha sugerido nuevas directrices. Las nuevas recomendaciones dicen que el cribado debe empezar a los 45 a\u00f1os para las personas con un riesgo medio. Anteriormente, el cribado recomendado por las directrices empezaba a los 50 a\u00f1os [&hellip;]\" \/>\n<meta property=\"og:url\" content=\"https:\/\/michaelbraunsteinmd.com\/es\/gi-news\/\" \/>\n<meta property=\"og:site_name\" content=\"Dr. Michael Braunstein\" \/>\n<meta property=\"article:modified_time\" content=\"2025-07-08T14:13:03+00:00\" \/>\n<meta name=\"twitter:card\" content=\"summary_large_image\" \/>\n<meta name=\"twitter:label1\" content=\"Tiempo de lectura\" \/>\n\t<meta name=\"twitter:data1\" content=\"1 minuto\" \/>\n<script type=\"application\/ld+json\" class=\"yoast-schema-graph\">{\"@context\":\"https:\/\/schema.org\",\"@graph\":[{\"@type\":\"WebPage\",\"@id\":\"https:\/\/michaelbraunsteinmd.com\/es\/gi-news\/\",\"url\":\"https:\/\/michaelbraunsteinmd.com\/es\/gi-news\/\",\"name\":\"Noticias GI - Dr. Michael Braunstein\",\"isPartOf\":{\"@id\":\"https:\/\/michaelbraunsteinmd.com\/es\/#website\"},\"datePublished\":\"2025-07-05T18:23:19+00:00\",\"dateModified\":\"2025-07-08T14:13:03+00:00\",\"breadcrumb\":{\"@id\":\"https:\/\/michaelbraunsteinmd.com\/es\/gi-news\/#breadcrumb\"},\"inLanguage\":\"es\",\"potentialAction\":[{\"@type\":\"ReadAction\",\"target\":[\"https:\/\/michaelbraunsteinmd.com\/es\/gi-news\/\"]}]},{\"@type\":\"BreadcrumbList\",\"@id\":\"https:\/\/michaelbraunsteinmd.com\/es\/gi-news\/#breadcrumb\",\"itemListElement\":[{\"@type\":\"ListItem\",\"position\":1,\"name\":\"Home\",\"item\":\"https:\/\/michaelbraunsteinmd.com\/es\/\"},{\"@type\":\"ListItem\",\"position\":2,\"name\":\"Noticias GI\"}]},{\"@type\":\"WebSite\",\"@id\":\"https:\/\/michaelbraunsteinmd.com\/es\/#website\",\"url\":\"https:\/\/michaelbraunsteinmd.com\/es\/\",\"name\":\"Dr. Michael Braunstein\",\"description\":\"\",\"publisher\":{\"@id\":\"https:\/\/michaelbraunsteinmd.com\/es\/#organization\"},\"potentialAction\":[{\"@type\":\"SearchAction\",\"target\":{\"@type\":\"EntryPoint\",\"urlTemplate\":\"https:\/\/michaelbraunsteinmd.com\/es\/?s={search_term_string}\"},\"query-input\":{\"@type\":\"PropertyValueSpecification\",\"valueRequired\":true,\"valueName\":\"search_term_string\"}}],\"inLanguage\":\"es\"},{\"@type\":\"Organization\",\"@id\":\"https:\/\/michaelbraunsteinmd.com\/es\/#organization\",\"name\":\"Dr. Michael Braunstein\",\"url\":\"https:\/\/michaelbraunsteinmd.com\/es\/\",\"logo\":{\"@type\":\"ImageObject\",\"inLanguage\":\"es\",\"@id\":\"https:\/\/michaelbraunsteinmd.com\/es\/#\/schema\/logo\/image\/\",\"url\":\"https:\/\/michaelbraunsteinmd.com\/wp-content\/uploads\/2025\/07\/Michael-Braunstein-logo.png\",\"contentUrl\":\"https:\/\/michaelbraunsteinmd.com\/wp-content\/uploads\/2025\/07\/Michael-Braunstein-logo.png\",\"width\":653,\"height\":47,\"caption\":\"Dr. Michael Braunstein\"},\"image\":{\"@id\":\"https:\/\/michaelbraunsteinmd.com\/es\/#\/schema\/logo\/image\/\"}}]}<\/script>\n<!-- \/ Yoast SEO plugin. -->","yoast_head_json":{"title":"Noticias GI - Dr. Michael Braunstein","robots":{"index":"index","follow":"follow","max-snippet":"max-snippet:-1","max-image-preview":"max-image-preview:large","max-video-preview":"max-video-preview:-1"},"canonical":"https:\/\/michaelbraunsteinmd.com\/es\/gi-news\/","og_locale":"es_ES","og_type":"article","og_title":"Noticias GI - Dr. Michael Braunstein","og_description":"El diagn\u00f3stico de c\u00e1ncer de colon de una madre \u00abagotada\u00bb es un importante recordatorio La Sociedad Americana del C\u00e1ncer ha sugerido nuevas directrices. Las nuevas recomendaciones dicen que el cribado debe empezar a los 45 a\u00f1os para las personas con un riesgo medio. Anteriormente, el cribado recomendado por las directrices empezaba a los 50 a\u00f1os [&hellip;]","og_url":"https:\/\/michaelbraunsteinmd.com\/es\/gi-news\/","og_site_name":"Dr. Michael Braunstein","article_modified_time":"2025-07-08T14:13:03+00:00","twitter_card":"summary_large_image","twitter_misc":{"Tiempo de lectura":"1 minuto"},"schema":{"@context":"https:\/\/schema.org","@graph":[{"@type":"WebPage","@id":"https:\/\/michaelbraunsteinmd.com\/es\/gi-news\/","url":"https:\/\/michaelbraunsteinmd.com\/es\/gi-news\/","name":"Noticias GI - Dr. Michael Braunstein","isPartOf":{"@id":"https:\/\/michaelbraunsteinmd.com\/es\/#website"},"datePublished":"2025-07-05T18:23:19+00:00","dateModified":"2025-07-08T14:13:03+00:00","breadcrumb":{"@id":"https:\/\/michaelbraunsteinmd.com\/es\/gi-news\/#breadcrumb"},"inLanguage":"es","potentialAction":[{"@type":"ReadAction","target":["https:\/\/michaelbraunsteinmd.com\/es\/gi-news\/"]}]},{"@type":"BreadcrumbList","@id":"https:\/\/michaelbraunsteinmd.com\/es\/gi-news\/#breadcrumb","itemListElement":[{"@type":"ListItem","position":1,"name":"Home","item":"https:\/\/michaelbraunsteinmd.com\/es\/"},{"@type":"ListItem","position":2,"name":"Noticias GI"}]},{"@type":"WebSite","@id":"https:\/\/michaelbraunsteinmd.com\/es\/#website","url":"https:\/\/michaelbraunsteinmd.com\/es\/","name":"Dr. Michael Braunstein","description":"","publisher":{"@id":"https:\/\/michaelbraunsteinmd.com\/es\/#organization"},"potentialAction":[{"@type":"SearchAction","target":{"@type":"EntryPoint","urlTemplate":"https:\/\/michaelbraunsteinmd.com\/es\/?s={search_term_string}"},"query-input":{"@type":"PropertyValueSpecification","valueRequired":true,"valueName":"search_term_string"}}],"inLanguage":"es"},{"@type":"Organization","@id":"https:\/\/michaelbraunsteinmd.com\/es\/#organization","name":"Dr. Michael Braunstein","url":"https:\/\/michaelbraunsteinmd.com\/es\/","logo":{"@type":"ImageObject","inLanguage":"es","@id":"https:\/\/michaelbraunsteinmd.com\/es\/#\/schema\/logo\/image\/","url":"https:\/\/michaelbraunsteinmd.com\/wp-content\/uploads\/2025\/07\/Michael-Braunstein-logo.png","contentUrl":"https:\/\/michaelbraunsteinmd.com\/wp-content\/uploads\/2025\/07\/Michael-Braunstein-logo.png","width":653,"height":47,"caption":"Dr. Michael Braunstein"},"image":{"@id":"https:\/\/michaelbraunsteinmd.com\/es\/#\/schema\/logo\/image\/"}}]}},"_links":{"self":[{"href":"https:\/\/michaelbraunsteinmd.com\/es\/wp-json\/wp\/v2\/pages\/357","targetHints":{"allow":["GET"]}}],"collection":[{"href":"https:\/\/michaelbraunsteinmd.com\/es\/wp-json\/wp\/v2\/pages"}],"about":[{"href":"https:\/\/michaelbraunsteinmd.com\/es\/wp-json\/wp\/v2\/types\/page"}],"author":[{"embeddable":true,"href":"https:\/\/michaelbraunsteinmd.com\/es\/wp-json\/wp\/v2\/users\/1"}],"replies":[{"embeddable":true,"href":"https:\/\/michaelbraunsteinmd.com\/es\/wp-json\/wp\/v2\/comments?post=357"}],"version-history":[{"count":2,"href":"https:\/\/michaelbraunsteinmd.com\/es\/wp-json\/wp\/v2\/pages\/357\/revisions"}],"predecessor-version":[{"id":362,"href":"https:\/\/michaelbraunsteinmd.com\/es\/wp-json\/wp\/v2\/pages\/357\/revisions\/362"}],"wp:attachment":[{"href":"https:\/\/michaelbraunsteinmd.com\/es\/wp-json\/wp\/v2\/media?parent=357"}],"curies":[{"name":"wp","href":"https:\/\/api.w.org\/{rel}","templated":true}]}}